{"id":8824,"date":"2025-02-28T16:07:57","date_gmt":"2025-02-28T15:07:57","guid":{"rendered":"https:\/\/b2b.atom-sport.com\/publicite\/"},"modified":"2025-02-28T16:07:57","modified_gmt":"2025-02-28T15:07:57","slug":"publicite","status":"publish","type":"page","link":"https:\/\/b2b.atom-sport.com\/fr\/publicite\/","title":{"rendered":"PUBLICIT\u00c9"},"content":{"rendered":"<div class=\"flex_column av_one_full  flex_column_div av-zero-column-padding first  avia-builder-el-0  avia-builder-el-no-sibling  \" style='border-radius:0px; '><p><section class=\"av_textblock_section \"  itemscope=\"itemscope\" itemtype=\"https:\/\/schema.org\/CreativeWork\" ><div class='avia_textblock  '   itemprop=\"text\" ><p>CAMPAGNE SS25<\/p>\n<\/div><\/section><br \/>\n<div class='avia-icon-list-container   avia-builder-el-2  el_after_av_textblock  el_before_av_textblock  '><ul class='avia-icon-list avia-icon-list-left av-iconlist-big avia_animate_when_almost_visible avia-iconlist-animate'>\n<li><div  class='iconlist_icon  avia-font-entypo-fontello'><span class='iconlist-char ' aria-hidden='true' data-av_icon='\ue875' data-av_iconfont='entypo-fontello'><\/span><\/div><article class=\"article-icon-entry \"  itemscope=\"itemscope\" itemtype=\"https:\/\/schema.org\/CreativeWork\" ><div class='iconlist_content_wrap'><header class=\"entry-content-header\"><h4 class='av_iconlist_title iconlist_title  '  itemprop=\"headline\"  ><a href='https:\/\/jmp.sh\/CLXTV8Fz' title='Images de la campagne ATOM SS25'>Images de la campagne ATOM SS25<\/a><\/h4><\/header><div class='iconlist_content  '  itemprop=\"text\"  ><p>En cliquant sur ce lien, vous pouvez t\u00e9l\u00e9charger les photos officielles de la campagne ATOM SS25.<\/p>\n<\/div><\/div><footer class=\"entry-footer\"><\/footer><\/article><div class='iconlist-timeline'><\/div><\/li>\n<\/ul><\/div><br \/>\n<section class=\"av_textblock_section \"  itemscope=\"itemscope\" itemtype=\"https:\/\/schema.org\/CreativeWork\" ><div class='avia_textblock  '   itemprop=\"text\" ><p>CATALOGUES<\/p>\n<\/div><\/section><br \/>\n<div class='avia-icon-list-container   avia-builder-el-4  el_after_av_textblock  avia-builder-el-last  '><ul class='avia-icon-list avia-icon-list-left av-iconlist-big avia_animate_when_almost_visible avia-iconlist-animate'>\n<li><div  class='iconlist_icon  avia-font-entypo-fontello'><span class='iconlist-char ' aria-hidden='true' data-av_icon='\ue875' data-av_iconfont='entypo-fontello'><\/span><\/div><article class=\"article-icon-entry \"  itemscope=\"itemscope\" itemtype=\"https:\/\/schema.org\/CreativeWork\" ><div class='iconlist_content_wrap'><header class=\"entry-content-header\"><h4 class='av_iconlist_title iconlist_title  '  itemprop=\"headline\"  ><a href='https:\/\/jmp.sh\/TshRTn4V' title='Catalogue d&#039;\u00e9chantillons ATOM AW25'>Catalogue d'\u00e9chantillons ATOM AW25<\/a><\/h4><\/header><div class='iconlist_content  '  itemprop=\"text\"  ><p>En cliquant sur ce lien, vous pouvez t\u00e9l\u00e9charger le catalogue d&rsquo;\u00e9chantillons AW25<\/p>\n<\/div><\/div><footer class=\"entry-footer\"><\/footer><\/article><div class='iconlist-timeline'><\/div><\/li>\n<\/ul><\/div><\/p><\/div>\n","protected":false},"excerpt":{"rendered":"","protected":false},"author":224,"featured_media":0,"parent":0,"menu_order":0,"comment_status":"closed","ping_status":"closed","template":"","meta":{"footnotes":""},"_links":{"self":[{"href":"https:\/\/b2b.atom-sport.com\/fr\/wp-json\/wp\/v2\/pages\/8824"}],"collection":[{"href":"https:\/\/b2b.atom-sport.com\/fr\/wp-json\/wp\/v2\/pages"}],"about":[{"href":"https:\/\/b2b.atom-sport.com\/fr\/wp-json\/wp\/v2\/types\/page"}],"author":[{"embeddable":true,"href":"https:\/\/b2b.atom-sport.com\/fr\/wp-json\/wp\/v2\/users\/224"}],"replies":[{"embeddable":true,"href":"https:\/\/b2b.atom-sport.com\/fr\/wp-json\/wp\/v2\/comments?post=8824"}],"version-history":[{"count":0,"href":"https:\/\/b2b.atom-sport.com\/fr\/wp-json\/wp\/v2\/pages\/8824\/revisions"}],"wp:attachment":[{"href":"https:\/\/b2b.atom-sport.com\/fr\/wp-json\/wp\/v2\/media?parent=8824"}],"curies":[{"name":"wp","href":"https:\/\/api.w.org\/{rel}","templated":true}]}}