{"id":8807,"date":"2015-10-15T15:32:40","date_gmt":"2015-10-15T13:32:40","guid":{"rendered":"https:\/\/b2b.atom-sport.com\/contact\/"},"modified":"2015-10-15T15:32:40","modified_gmt":"2015-10-15T13:32:40","slug":"contact","status":"publish","type":"page","link":"https:\/\/b2b.atom-sport.com\/fr\/contact\/","title":{"rendered":"CONTACT"},"content":{"rendered":"<div id='av_section_1' class='avia-section main_color avia-section-no-padding avia-no-border-styling avia-bg-style-scroll  avia-builder-el-0  el_before_av_section  avia-builder-el-first    av-mini-hide container_wrap fullsize' style='background-repeat: no-repeat; background-image: url(https:\/\/b2b.atom-sport.com\/wp-content\/uploads\/2024\/03\/fondoContact.jpg);background-attachment: scroll; background-position: bottom right;  '  data-section-bg-repeat='no-repeat'><div class='container' ><main  role=\"main\" itemprop=\"mainContentOfPage\"  class='template-page content  av-content-full alpha units'><div class='post-entry post-entry-type-page post-entry-8807'><div class='entry-content-wrapper clearfix'>\n<div class='flex_column_table av-equal-height-column-flextable -flextable' ><div class=\"flex_column av_two_fifth  av-animated-generic bottom-to-top  no_margin flex_column_table_cell av-equal-height-column av-align-top first  avia-builder-el-1  el_before_av_one_fifth  avia-builder-el-first   \" style='background: rgba(255,255,255,0.55); padding:30px 20px 20px 20px ; background-color:rgba(255,255,255,0.55); border-radius:0px; '><section class=\"av_textblock_section  av-mini-hide\"  itemscope=\"itemscope\" itemtype=\"https:\/\/schema.org\/CreativeWork\" ><div class='avia_textblock  '   itemprop=\"text\" ><h3 style=\"font-size: 2.6vw; line-height: 0.6; text-align: left;\">CONTACT<\/h3>\n<h1 style=\"font-size: 3vw; text-align: left;\"><b>NOUS CONTACTER<\/b><\/h1>\n<\/div><\/section><br \/>\n<div style='height:10px' class='hr hr-invisible   avia-builder-el-3  el_after_av_textblock  el_before_av_contact  '><span class='hr-inner ' ><span class='hr-inner-style'><\/span><\/span><\/div><br \/>\n<form action=\"https:\/\/b2b.atom-sport.com\/fr\/contact\/\" method=\"post\"  class=\"avia_ajax_form av-form-labels-visible   avia-builder-el-4  el_after_av_hr  avia-builder-el-last    \" data-avia-form-id=\"1\" data-avia-redirect=''><fieldset><p class=' first_form  form_element form_element_half' id='element_avia_1_1'><label for=\"avia_1_1\">NOM <abbr class=\"required\" title=\"requis\">*<\/abbr><\/label> <input name=\"avia_1_1\" class=\"text_input is_empty\" type=\"text\" id=\"avia_1_1\" value=\"\" \/><\/p><p class=' form_element form_element_half' id='element_avia_2_1'><label for=\"avia_2_1\">E-Mail <abbr class=\"required\" title=\"requis\">*<\/abbr><\/label> <input name=\"avia_2_1\" class=\"text_input is_email\" type=\"text\" id=\"avia_2_1\" value=\"\" \/><\/p><p class=' first_form  form_element form_fullwidth' id='element_avia_3_1'><label for=\"avia_3_1\">SUJET <abbr class=\"required\" title=\"requis\">*<\/abbr><\/label> <input name=\"avia_3_1\" class=\"text_input is_empty\" type=\"text\" id=\"avia_3_1\" value=\"\" \/><\/p><p class=' first_form  form_element form_fullwidth' id='element_avia_4_1'>\t <label for=\"avia_4_1\" class=\"textare_label hidden textare_label_avia_4_1\">Mensaje <abbr class=\"required\" title=\"requis\">*<\/abbr><\/label>\t <textarea  name=\"avia_4_1\" class=\"text_area is_empty\" cols=\"40\" rows=\"7\" id=\"avia_4_1\" ><\/textarea><\/p><p class=' first_form  form_element form_fullwidth' id='element_avia_5_1'>    <input checked=\"checked\" name=\"avia_5_1\" class=\"input_checkbox \" type=\"checkbox\" id=\"avia_5_1\" value=\"true\"\/><label class=\"input_checkbox_label\" for=\"avia_5_1\"><\/label><\/p><p class=\"hidden\"><input type=\"text\" name=\"avia_6_1\" class=\"hidden \" id=\"avia_6_1\" value=\"\" \/><\/p><p class='' id='element_avia_7_1'>    <span class='value_verifier_label'>1 + 0 = ?<\/span>    <input name=\"avia_7_1_verifier\" type=\"hidden\" id=\"avia_7_1_verifier\" value=\"381715462\"\/><label for=\"avia_7_1\">Pour prouver que vous \u00eates un humain, donnez le r\u00e9sultat de cette simple op\u00e9ration <abbr class=\"required\" title=\"requis\">*<\/abbr><\/label>    <input name=\"avia_7_1\" class=\"text_input captcha\" type=\"text\" id=\"avia_7_1\" value=\"\"\/><\/p><p class=\"form_element \"><input type=\"hidden\" value=\"1\" name=\"avia_generated_form1\" \/><input type=\"submit\" value=\"Enviar\" class=\"button\"  data-sending-label=\"Envoi\"\/><\/p><\/fieldset><\/form><div id=\"ajaxresponse_1\" class=\"ajaxresponse ajaxresponse_1 hidden\"><\/div><\/p><\/div><div class=\"flex_column av_one_fifth  av-animated-generic bottom-to-top  no_margin flex_column_table_cell av-equal-height-column av-align-top   avia-builder-el-5  el_after_av_two_fifth  el_before_av_one_third   \" style='background: rgba(255,255,255,0.55); padding:3% 2% 2% 1% ; background-color:rgba(255,255,255,0.55); border-radius:0px; '><p><div style='padding-bottom:0px; margin:110px 0px 0px 0px; ' class='av-special-heading av-special-heading-h3  blockquote modern-quote  avia-builder-el-6  el_before_av_hr  avia-builder-el-first   av-thin-font '><h3 class='av-special-heading-tag '  itemprop=\"headline\"  ><strong>Otras formas<\/strong><\/h3><div class='special-heading-border'><div class='special-heading-inner-border' ><\/div><\/div><\/div><br \/>\n<div style='height:50px' class='hr hr-invisible   avia-builder-el-7  el_after_av_heading  el_before_av_textblock  '><span class='hr-inner ' ><span class='hr-inner-style'><\/span><\/span><\/div><br \/>\n<section class=\"av_textblock_section \"  itemscope=\"itemscope\" itemtype=\"https:\/\/schema.org\/CreativeWork\" ><div class='avia_textblock  '   itemprop=\"text\" ><h5>ADRESSE<\/h5>\n<p>Avda. de Quel, n\u00ba 72<br \/>\n26580 Arnedo (La Rioja)<\/p>\n<h5>CONTACT<\/h5>\n<p>+34 941 560 388<br \/>\n<a href=\"mailto:incidencias@atom-sport.com\">incidencias@atom-sport.com<\/a><\/p>\n<h5>Service t\u00e9l\u00e9phonique<\/h5>\n<p>Du lundi au vendredi :<br \/>\n8:30-13:00h<\/p>\n<\/div><\/section><br \/>\n<div style=' margin-top:10px; margin-bottom:10px;'  class='hr hr-custom hr-left hr-icon-no   avia-builder-el-9  el_after_av_textblock  avia-builder-el-last '><span class='hr-inner   inner-border-av-border-fat' style=' width:50px; border-color:#efbb20;' ><span class='hr-inner-style'><\/span><\/span><\/div><\/p><\/div><div class=\"flex_column av_one_third  av-animated-generic bottom-to-top  no_margin flex_column_table_cell av-equal-height-column av-align-top   avia-builder-el-10  el_after_av_one_fifth  avia-builder-el-last   \" style='padding:20px 0px 0px 0px ; border-radius:0px; '><\/div><\/div><!--close column table wrapper. Autoclose: 1 --><\/div><\/div><\/main><!-- close content main element --><\/div><\/div><div id='av_section_2' class='avia-section main_color avia-section-default avia-no-border-styling avia-full-stretch avia-bg-style-scroll  avia-builder-el-11  el_after_av_section  avia-builder-el-last    av-desktop-hide av-medium-hide av-small-hide container_wrap fullsize' style='background-color: #f3f3f3; background-repeat: no-repeat; background-image: url(https:\/\/b2b.atom-sport.com\/wp-content\/uploads\/2024\/03\/fondoContact.jpg);background-attachment: scroll; background-position: top center;  '  data-section-bg-repeat='stretch'><div class='container' ><div class='template-page content  av-content-full alpha units'><div class='post-entry post-entry-type-page post-entry-8807'><div class='entry-content-wrapper clearfix'>\n<div class='flex_column_table av-equal-height-column-flextable -flextable' ><div class=\"flex_column av_two_fifth  av-animated-generic bottom-to-top  no_margin flex_column_table_cell av-equal-height-column av-align-top first  avia-builder-el-12  el_before_av_three_fifth  avia-builder-el-first   \" style='background: rgba(255,255,255,0.6); padding:30px 20px 20px 20px ; background-color:rgba(255,255,255,0.6); border-radius:0px; '><section class=\"av_textblock_section  av-desktop-hide av-medium-hide av-small-hide\"  itemscope=\"itemscope\" itemtype=\"https:\/\/schema.org\/CreativeWork\" ><div class='avia_textblock  '   itemprop=\"text\" ><h3 style=\"font-size: 2.4em; line-height: 0.6; text-align: left;\">CONTACT<\/h3>\n<h1 style=\"font-size: 2.6em; text-align: left;\"><b>NOUS CONTACTER<\/b><\/h1>\n<\/div><\/section><br \/>\n<div style='height:10px' class='hr hr-invisible   avia-builder-el-14  el_after_av_textblock  el_before_av_contact  '><span class='hr-inner ' ><span class='hr-inner-style'><\/span><\/span><\/div><br \/>\n<form action=\"https:\/\/b2b.atom-sport.com\/fr\/contact\/\" method=\"post\"  class=\"avia_ajax_form av-form-labels-visible   avia-builder-el-15  el_after_av_hr  el_before_av_hr    \" data-avia-form-id=\"2\" data-avia-redirect=''><fieldset><p class=' first_form  form_element form_element_half' id='element_avia_1_2'><label for=\"avia_1_2\">NOM <abbr class=\"required\" title=\"requis\">*<\/abbr><\/label> <input name=\"avia_1_2\" class=\"text_input is_empty\" type=\"text\" id=\"avia_1_2\" value=\"\" \/><\/p><p class=' form_element form_element_half' id='element_avia_2_2'><label for=\"avia_2_2\">E-Mail <abbr class=\"required\" title=\"requis\">*<\/abbr><\/label> <input name=\"avia_2_2\" class=\"text_input is_email\" type=\"text\" id=\"avia_2_2\" value=\"\" \/><\/p><p class=' first_form  form_element form_fullwidth' id='element_avia_3_2'><label for=\"avia_3_2\">SUJET <abbr class=\"required\" title=\"requis\">*<\/abbr><\/label> <input name=\"avia_3_2\" class=\"text_input is_empty\" type=\"text\" id=\"avia_3_2\" value=\"\" \/><\/p><p class=' first_form  form_element form_fullwidth' id='element_avia_4_2'>\t <label for=\"avia_4_2\" class=\"textare_label hidden textare_label_avia_4_2\">Mensaje <abbr class=\"required\" title=\"requis\">*<\/abbr><\/label>\t <textarea  name=\"avia_4_2\" class=\"text_area is_empty\" cols=\"40\" rows=\"7\" id=\"avia_4_2\" ><\/textarea><\/p><p class=' first_form  form_element form_fullwidth' id='element_avia_5_2'>    <input  name=\"avia_5_2\" class=\"input_checkbox is_empty\" type=\"checkbox\" id=\"avia_5_2\" value=\"true\"\/><label class=\"input_checkbox_label\" for=\"avia_5_2\"> <abbr class=\"required\" title=\"requis\">*<\/abbr><\/label><\/p><p class=\"hidden\"><input type=\"text\" name=\"avia_6_2\" class=\"hidden \" id=\"avia_6_2\" value=\"\" \/><\/p><p class='' id='element_avia_7_2'>    <span class='value_verifier_label'>0 + 4 = ?<\/span>    <input name=\"avia_7_2_verifier\" type=\"hidden\" id=\"avia_7_2_verifier\" value=\"874577712\"\/><label for=\"avia_7_2\">Pour prouver que vous \u00eates un humain, donnez le r\u00e9sultat de cette simple op\u00e9ration <abbr class=\"required\" title=\"requis\">*<\/abbr><\/label>    <input name=\"avia_7_2\" class=\"text_input captcha\" type=\"text\" id=\"avia_7_2\" value=\"\"\/><\/p><p class=\"form_element \"><input type=\"hidden\" value=\"1\" name=\"avia_generated_form2\" \/><input type=\"submit\" value=\"Enviar\" class=\"button\"  data-sending-label=\"Envoi\"\/><\/p><\/fieldset><\/form><div id=\"ajaxresponse_2\" class=\"ajaxresponse ajaxresponse_2 hidden\"><\/div><br \/>\n<div style='height:30px' class='hr hr-invisible   avia-builder-el-16  el_after_av_contact  el_before_av_textblock  '><span class='hr-inner ' ><span class='hr-inner-style'><\/span><\/span><\/div><br \/>\n<section class=\"av_textblock_section \"  itemscope=\"itemscope\" itemtype=\"https:\/\/schema.org\/CreativeWork\" ><div class='avia_textblock  '   itemprop=\"text\" ><div style=\"padding: 20px;\">\n<h3>Otras formas<\/h3>\n<hr>\n<h5>ADRESSE<\/h5>\n<p>Avda. de Quel, n\u00ba 72<br \/>\n26580 Arnedo (La Rioja)<\/p>\n<h5>CONTACT<\/h5>\n<p>+34 941 560 388<br \/>\n<a href=\"mailto:info@b2b.atom-sport.com\">incidencias@atom-sport.com<\/a><\/p>\n<h5>Service t\u00e9l\u00e9phonique<\/h5>\n<p>Du lundi au vendredi :<br \/>\n8:30-13:00h<\/p>\n<\/div>\n<\/div><\/section><\/p><\/div><div class=\"flex_column av_three_fifth  av-animated-generic bottom-to-top  no_margin flex_column_table_cell av-equal-height-column av-align-top av-zero-column-padding   avia-builder-el-18  el_after_av_two_fifth  avia-builder-el-last   \" style='border-radius:0px; '><\/div><\/div><!--close column table wrapper. Autoclose: 1 --><\/p>\n","protected":false},"excerpt":{"rendered":"","protected":false},"author":1,"featured_media":0,"parent":0,"menu_order":0,"comment_status":"closed","ping_status":"closed","template":"","meta":{"footnotes":""},"_links":{"self":[{"href":"https:\/\/b2b.atom-sport.com\/fr\/wp-json\/wp\/v2\/pages\/8807"}],"collection":[{"href":"https:\/\/b2b.atom-sport.com\/fr\/wp-json\/wp\/v2\/pages"}],"about":[{"href":"https:\/\/b2b.atom-sport.com\/fr\/wp-json\/wp\/v2\/types\/page"}],"author":[{"embeddable":true,"href":"https:\/\/b2b.atom-sport.com\/fr\/wp-json\/wp\/v2\/users\/1"}],"replies":[{"embeddable":true,"href":"https:\/\/b2b.atom-sport.com\/fr\/wp-json\/wp\/v2\/comments?post=8807"}],"version-history":[{"count":0,"href":"https:\/\/b2b.atom-sport.com\/fr\/wp-json\/wp\/v2\/pages\/8807\/revisions"}],"wp:attachment":[{"href":"https:\/\/b2b.atom-sport.com\/fr\/wp-json\/wp\/v2\/media?parent=8807"}],"curies":[{"name":"wp","href":"https:\/\/api.w.org\/{rel}","templated":true}]}}